{"id":139,"date":"2024-03-10T04:51:52","date_gmt":"2024-03-10T04:51:52","guid":{"rendered":"https:\/\/themes.hibotheme.com\/norflo\/?page_id=139"},"modified":"2025-07-02T00:45:32","modified_gmt":"2025-07-01T21:45:32","slug":"despre","status":"publish","type":"page","link":"https:\/\/banat.network\/?page_id=139","title":{"rendered":"Despre"},"content":{"rendered":"\t\t<div data-elementor-type=\"wp-page\" data-elementor-id=\"139\" class=\"elementor elementor-139\" data-elementor-post-type=\"page\">\n\t\t\t\t<div class=\"elementor-element elementor-element-def5017 e-con-full e-flex e-con e-parent\" data-id=\"def5017\" data-element_type=\"container\">\n\t\t\t\t<div class=\"elementor-element elementor-element-1fbd7ba elementor-widget elementor-widget-WhoWeAre\" data-id=\"1fbd7ba\" data-element_type=\"widget\" data-widget_type=\"WhoWeAre.default\">\n\t\t\t\t<div class=\"elementor-widget-container\">\n\t\t\t\t\t\r\n                     <!-- Start Who We Are Area -->\r\n             <div class=\"who-we-area pt-100 overflow-hidden pb-100\">\r\n                <div class=\"container mw-1356\">\r\n                    <div class=\"row\" data-cues=\"zoomOut\">\r\n                        <div class=\"col-lg-6\">\r\n                            <div class=\"who-we-area-content\">\r\n                                                                    <span class=\"top-title\"> Despre<\/span>\r\n                                                                <h3>\r\n                                    Banat Network este o companie rom\u00e2neasc\u0103                                <\/h3>\r\n                                                                    <p class=\"text-body\">specializat\u0103 \u00een dezvoltarea \u0219i implementarea de solu\u021bii moderne de telecomunica\u021bii, infrastructur\u0103 de comunica\u021bii electronice \u0219i servicii audiovizuale.\n<br \/><br \/>\nFondat\u0103 cu scopul de a contribui activ la digitalizarea regiunii Banat \u0219i nu numai, compania noastr\u0103 ofer\u0103 servicii complete, de la proiectare \u0219i execu\u021bie p\u00e2n\u0103 la mentenan\u021b\u0103 \u0219i suport tehnic.<\/p>\r\n                                \r\n                                <ul class=\"ps-0 list-unstyled we-are-list\">\r\n                                                                                                                                                <\/ul>\r\n                                <div class=\"d-flex align-items-center\">\r\n                                                                        \r\n                                                                    <\/div>\r\n                            <\/div>\r\n                        <\/div>\r\n                        <div class=\"col-lg-6\">\r\n                            <div class=\"who-we-img-wrap-two\">\r\n                                <div class=\"row align-items-end\">\r\n                                    <div class=\"col-lg-6 col-sm-6\">\r\n                                        <div class=\"who-we-1 who-we-img\">\r\n                                            <div class=\"row\">\r\n                                                                                                                                                                                                <\/div>\r\n                                                                                            <img decoding=\"async\" src=\"https:\/\/themes.hibotheme.com\/norflo\/wp-content\/uploads\/2024\/03\/who-we-1.webp\" alt=\"Images\">\r\n                                                                                    <\/div>\r\n                                    <\/div>\r\n                                                                            <div class=\"col-lg-6 col-sm-6\">\r\n                                            <div class=\"who-we-2 who-we-img\">\r\n                                                <img decoding=\"async\" src=\"https:\/\/themes.hibotheme.com\/norflo\/wp-content\/uploads\/2024\/03\/who-we-2.webp\" alt=\"Images\">\r\n                                            <\/div>\r\n                                        <\/div>\r\n                                                                    <\/div>\r\n                            <\/div>\r\n                        <\/div>\r\n                    <\/div>\r\n                <\/div>\r\n            <\/div>\r\n            <!-- End Who We Are Area -->\r\n        \r\n        \t\t\t\t<\/div>\n\t\t\t\t<\/div>\n\t\t\t\t<\/div>\n\t\t<div class=\"elementor-element elementor-element-977491d e-con-full e-flex e-con e-parent\" data-id=\"977491d\" data-element_type=\"container\">\n\t\t\t\t<div class=\"elementor-element elementor-element-f2a392d elementor-widget elementor-widget-HomePackages\" data-id=\"f2a392d\" data-element_type=\"widget\" data-widget_type=\"HomePackages.default\">\n\t\t\t\t<div class=\"elementor-widget-container\">\n\t\t\t\t\t\r\n        <!-- Start About Us Area -->\r\n        <div class=\"about-us-area pb-100\">\r\n            <div class=\"container\">\r\n                <div class=\"section-title mw-860\">\r\n                                        <h2>\r\n                        Colabor\u0103ri \u0219i parteneriate                    <\/h2>\r\n                <\/div>\r\n                <div class=\"row align-items-center\">\r\n                    <div class=\"col-lg-6 col-xxl-7\">\r\n                                                    <div class=\"about-img\">\r\n                                                                    <img decoding=\"async\" src=\"https:\/\/themes.hibotheme.com\/norflo\/wp-content\/uploads\/2024\/03\/about.webp\" alt=\"Images\">\r\n                                                                                            <\/div>\r\n                                            <\/div>\r\n                    <div class=\"col-lg-6 col-xxl-5\">\r\n                        <div class=\"about-content\">\r\n                            <div class=\"accordion style-two\" id=\"accordionExample2\">\r\n                                                                    <div class=\"accordion-item\">\r\n                                        <h2 class=\"accordion-header\">\r\n                                            <button class=\"accordion-button pt-0 \" type=\"button\" data-bs-toggle=\"collapse\" data-bs-target=\"#collapse1\" aria-expanded=\"true\" aria-controls=\"collapse1\">\r\n                                                                                              <\/button>\r\n                                        <\/h2>\r\n                                        <div id=\"collapse1\" class=\"accordion-collapse collapse  show \" data-bs-parent=\"#accordionExample2\">\r\n                                            <div class=\"accordion-body\">\r\n                                                <p>Banat Network colaboreaz\u0103 at\u00e2t cu operatori regionali \u0219i na\u021bionali din domeniul telecomunica\u021biilor, c\u00e2t \u0219i cu autorit\u0103\u021bi publice, dezvoltatori imobiliari sau firme private. Ne implic\u0103m activ \u00een proiecte complexe, gestion\u00e2nd at\u00e2t execu\u021bia tehnic\u0103, c\u00e2t \u0219i partea de avizare \u0219i documenta\u021bie.<\/p>\r\n                                                <ul class=\"ps-0 list-unstyled about-list\">\r\n                                                                                                                                                                                                                <\/ul>\r\n                                                \r\n                                                                                                    <a href=\"\/contact\/\" class=\"btn\">\r\n                                                        <span class=\"border-style\">Contacteaz\u0103-ne<\/span>\r\n                                                    <\/a>\r\n                                                                                            <\/div>\r\n                                        <\/div>\r\n                                    <\/div>\r\n                                                            <\/div>\r\n                        <\/div>\r\n                    <\/div>\r\n                <\/div>\r\n            <\/div>\r\n        <\/div>\r\n        <!-- End About Us Area -->\r\n\r\n        \t\t\t\t<\/div>\n\t\t\t\t<\/div>\n\t\t\t\t<\/div>\n\t\t<div class=\"elementor-element elementor-element-49f93a8 e-con-full e-flex e-con e-parent\" data-id=\"49f93a8\" data-element_type=\"container\">\n\t\t\t\t<div class=\"elementor-element elementor-element-904dcdb elementor-widget elementor-widget-MissionVisson\" data-id=\"904dcdb\" data-element_type=\"widget\" data-widget_type=\"MissionVisson.default\">\n\t\t\t\t<div class=\"elementor-widget-container\">\n\t\t\t\t\t\r\n        <!-- Start Our Mision Area -->\r\n        <div class=\"our-mision-area bg-gray3\">\r\n            <div class=\"container mw-1356\">\r\n                <div class=\"row g-0\">\r\n                    <div class=\"col-xl-6\">\r\n                        <div class=\"our-mision-content ptb-100 ms-0\">\r\n                                                            <span class=\"top-title\"> Misiune<\/span>\r\n                                                        <h4>\r\n                                S\u0103 construim re\u021bele fiabile, scalabile \u0219i eficiente, care s\u0103 sus\u021bin\u0103 nevoile tot mai mari de conectivitate ale clien\u021bilor no\u0219tri \u2013 fie c\u0103 sunt persoane fizice, companii sau institu\u021bii publice.                            <\/h4>\r\n                            <div class=\"row\">\r\n                                <div class=\"col-lg-6 col-sm-6\">\r\n                                    <ul class=\"ps-0 mb-0 list-unstyled mission-list\">\r\n                                                                                                                                                                <\/ul>\r\n                                <\/div>\r\n                                <div class=\"col-lg-6 col-sm-6\">\r\n                                    <ul class=\"ps-0 mb-0 list-unstyled mission-list\">\r\n                                                                            <\/ul>\r\n                                <\/div>\r\n                            <\/div>\r\n                        <\/div>\r\n                    <\/div>\r\n                                            <div class=\"col-xl-6\">\r\n                            <div class=\"our-mision-img\">\r\n                                <img decoding=\"async\" src=\"https:\/\/themes.hibotheme.com\/norflo\/wp-content\/uploads\/2024\/03\/our-mision.webp\" alt=\"Images\">\r\n                            <\/div>\r\n                        <\/div>\r\n                                    <\/div>\r\n            <\/div>\r\n        <\/div>\r\n        <!-- End Our Mision Area -->\r\n\r\n        <!-- Start Our Vision Area -->\r\n        <div class=\"our-vision-area bg-gray3\">\r\n            <div class=\"container mw-1356\">\r\n                <div class=\"row g-0 align-content-end\">\r\n                                            <div class=\"col-xl-6\">\r\n                            <div class=\"our-vision-img\">\r\n                                <img decoding=\"async\" src=\"https:\/\/themes.hibotheme.com\/norflo\/wp-content\/uploads\/2024\/03\/our-vision.webp\" alt=\"Images\">\r\n                            <\/div>\r\n                        <\/div>\r\n                                        <div class=\"col-xl-6\">\r\n                        <div class=\"our-mision-content vision ptb-100\">\r\n                                                            <span class=\"top-title\"> Viziune<\/span>\r\n                                                        <h4>\r\n                                Un viitor \u00een care accesul la tehnologie este rapid, stabil \u0219i disponibil tuturor \u2013 prin re\u021bele inteligente, construc\u021bii edilitare sustenabile \u0219i servicii de calitate.                            <\/h4>\r\n                            <ul class=\"ps-0 mb-0 list-unstyled mission-list\">\r\n                                                                                                                                <\/ul>\r\n                        <\/div>\r\n                    <\/div>\r\n                <\/div>\r\n            <\/div>\r\n        <\/div>\r\n        <!-- End Our Vision Area -->\r\n\r\n        \t\t\t\t<\/div>\n\t\t\t\t<\/div>\n\t\t\t\t<\/div>\n\t\t<div class=\"elementor-element elementor-element-65f0171 e-flex e-con-boxed e-con e-parent\" data-id=\"65f0171\" data-element_type=\"container\">\n\t\t\t\t\t<div class=\"e-con-inner\">\n\t\t\t\t<div class=\"elementor-element elementor-element-8c08e1a elementor-widget elementor-widget-spacer\" data-id=\"8c08e1a\" data-element_type=\"widget\" data-widget_type=\"spacer.default\">\n\t\t\t\t<div class=\"elementor-widget-container\">\n\t\t\t\t\t\t\t<div class=\"elementor-spacer\">\n\t\t\t<div class=\"elementor-spacer-inner\"><\/div>\n\t\t<\/div>\n\t\t\t\t\t\t<\/div>\n\t\t\t\t<\/div>\n\t\t\t\t\t<\/div>\n\t\t\t\t<\/div>\n\t\t\t\t<\/div>\n\t\t","protected":false},"excerpt":{"rendered":"<p>Despre Banat Network este o companie rom\u00e2neasc\u0103 specializat\u0103 \u00een dezvoltarea \u0219i implementarea de solu\u021bii moderne de telecomunica\u021bii, infrastructur\u0103 de comunica\u021bii electronice \u0219i servicii audiovizuale. Fondat\u0103 cu scopul de a contribui activ la digitalizarea regiunii Banat \u0219i nu numai, compania noastr\u0103 ofer\u0103 servicii complete, de la proiectare \u0219i execu\u021bie p\u00e2n\u0103 la mentenan\u021b\u0103 \u0219i suport tehnic. Colabor\u0103ri <\/p>\n","protected":false},"author":1,"featured_media":0,"parent":0,"menu_order":0,"comment_status":"closed","ping_status":"closed","template":"","meta":{"_acf_changed":false,"footnotes":""},"class_list":["post-139","page","type-page","status-publish","hentry"],"acf":[],"_links":{"self":[{"href":"https:\/\/banat.network\/index.php?rest_route=\/wp\/v2\/pages\/139","targetHints":{"allow":["GET"]}}],"collection":[{"href":"https:\/\/banat.network\/index.php?rest_route=\/wp\/v2\/pages"}],"about":[{"href":"https:\/\/banat.network\/index.php?rest_route=\/wp\/v2\/types\/page"}],"author":[{"embeddable":true,"href":"https:\/\/banat.network\/index.php?rest_route=\/wp\/v2\/users\/1"}],"replies":[{"embeddable":true,"href":"https:\/\/banat.network\/index.php?rest_route=%2Fwp%2Fv2%2Fcomments&post=139"}],"version-history":[{"count":7,"href":"https:\/\/banat.network\/index.php?rest_route=\/wp\/v2\/pages\/139\/revisions"}],"predecessor-version":[{"id":1631,"href":"https:\/\/banat.network\/index.php?rest_route=\/wp\/v2\/pages\/139\/revisions\/1631"}],"wp:attachment":[{"href":"https:\/\/banat.network\/index.php?rest_route=%2Fwp%2Fv2%2Fmedia&parent=139"}],"curies":[{"name":"wp","href":"https:\/\/api.w.org\/{rel}","templated":true}]}}