{"id":137,"date":"2024-03-10T04:49:53","date_gmt":"2024-03-10T04:49:53","guid":{"rendered":"https:\/\/themes.hibotheme.com\/norflo\/?page_id=137"},"modified":"2025-06-30T10:45:27","modified_gmt":"2025-06-30T07:45:27","slug":"servicii","status":"publish","type":"page","link":"https:\/\/banat.network\/?page_id=137","title":{"rendered":"Servicii"},"content":{"rendered":"\t\t<div data-elementor-type=\"wp-page\" data-elementor-id=\"137\" class=\"elementor elementor-137\" data-elementor-post-type=\"page\">\n\t\t\t\t<div class=\"elementor-element elementor-element-7d4766b e-con-full e-flex e-con e-parent\" data-id=\"7d4766b\" data-element_type=\"container\">\n\t\t\t\t<div class=\"elementor-element elementor-element-45db63b elementor-widget elementor-widget-Features\" data-id=\"45db63b\" data-element_type=\"widget\" data-widget_type=\"Features.default\">\n\t\t\t\t<div class=\"elementor-widget-container\">\n\t\t\t\t\t\r\n                    <!-- Start Services Area -->\r\n            <div class=\"services-area-three ptb-100\">\r\n                <div class=\"container\">\r\n                    <div class=\"section-title text-center m-auto\" data-cues=\"zoomOut\">\r\n                                                    <span class=\"top-title\"> Serviciile noastre<\/span>\r\n                                                <h3>\r\n                            Tot ce ai nevoie pentru o infrastructur\u0103 modern\u0103 de comunica\u021bii                        <\/h3>\r\n                    <\/div>\r\n                    <div class=\"row justify-content-center\" data-cues=\"zoomOut\">\r\n                                                    <div class=\"col-lg-4 col-sm-6\">\r\n                                <div class=\"position-relative z-1 shape-wrap\">\r\n                                    <div class=\"services-single-item-three hover-style1\">\r\n                                        <div class=\"hover-style2\">\r\n                                            \r\n                                                                                        \r\n                                                <i class=\"ti ti-network icon\"><\/i>\r\n                                            \r\n                                                                                        <h3>\r\n                                                <a href=\"https:\/\/banat.network\/?service=constructii-retele-telecomunicatii\">Construc\u021bii re\u021bele telecomunica\u021bii<\/a>\r\n                                            <\/h3>\r\n                                            <p class=\"text-silver\">Realiz\u0103m proiectarea, instalarea \u0219i \u00eentre\u021binerea re\u021belelor de fibr\u0103 optic\u0103, coaxial \u0219i wireless, pentru operatori telecom \u0219i dezvoltatori. Oferim solu\u021bii FTTH, infrastructur\u0103 P2P\/P2MP \u0219i servicii complete de mentenan\u021b\u0103.<\/p>\r\n                                                                                            <a href=\"https:\/\/banat.network\/?service=constructii-retele-telecomunicatii\" class=\"read-more style-two text-grey-teal\">Afl\u0103 mai multe                                                    <i class=\"ti ti-arrow-right\"><\/i>\r\n                                                <\/a>\r\n                                                                                    <\/div>\r\n                                    <\/div>\r\n\r\n                                                                            <img decoding=\"async\" src=\"https:\/\/themes.hibotheme.com\/norflo\/wp-content\/uploads\/2024\/03\/services-shape-2.png\" class=\"services-shape d-none d-xl-block\" alt=\"Images\">\r\n                                                                    <\/div>\r\n                            <\/div>\r\n                                                    <div class=\"col-lg-4 col-sm-6\">\r\n                                <div class=\"position-relative z-1 shape-wrap\">\r\n                                    <div class=\"services-single-item-three hover-style1\">\r\n                                        <div class=\"hover-style2\">\r\n                                            \r\n                                                                                        \r\n                                                <i class=\"ri-tv-fill icon\"><\/i>\r\n                                            \r\n                                                                                        <h3>\r\n                                                <a href=\"https:\/\/banat.network\/?service=furnizare-servicii-audiovizuale\">Furnizare servicii audiovizuale<\/a>\r\n                                            <\/h3>\r\n                                            <p class=\"text-silver\">Livr\u0103m servicii de televiziune prin cablu digital, IPTV \u0219i sisteme de distribu\u021bie video personalizate. Implement\u0103m head-end-uri, sisteme CAS\/DRM \u0219i integr\u0103m canale TV pentru re\u021bele de orice dimensiune.<\/p>\r\n                                                                                            <a href=\"https:\/\/banat.network\/?service=furnizare-servicii-audiovizuale\" class=\"read-more style-two text-grey-teal\">Afl\u0103 mai multe                                                    <i class=\"ti ti-arrow-right\"><\/i>\r\n                                                <\/a>\r\n                                                                                    <\/div>\r\n                                    <\/div>\r\n\r\n                                                                            <img decoding=\"async\" src=\"https:\/\/themes.hibotheme.com\/norflo\/wp-content\/uploads\/2024\/03\/services-shape-2.png\" class=\"services-shape d-none d-xl-block\" alt=\"Images\">\r\n                                                                    <\/div>\r\n                            <\/div>\r\n                                                    <div class=\"col-lg-4 col-sm-6\">\r\n                                <div class=\"position-relative z-1 shape-wrap\">\r\n                                    <div class=\"services-single-item-three hover-style1\">\r\n                                        <div class=\"hover-style2\">\r\n                                            \r\n                                                                                        \r\n                                                <i class=\"ti ti-broadcast icon\"><\/i>\r\n                                            \r\n                                                                                        <h3>\r\n                                                <a href=\"https:\/\/banat.network\/?service=furnizare-servicii-comunicatii-electronice\">Furnizare servicii comunica\u021bii electronice<\/a>\r\n                                            <\/h3>\r\n                                            <p class=\"text-silver\">Asigur\u0103m conectivitate fiabil\u0103 prin internet de mare vitez\u0103, telefonie VoIP \u0219i re\u021bele private (VPN\/MPLS). Oferim echipamente, instalare \u0219i suport pentru clien\u021bi reziden\u021biali \u0219i business.<\/p>\r\n                                                                                            <a href=\"https:\/\/banat.network\/?service=furnizare-servicii-comunicatii-electronice\" class=\"read-more style-two text-grey-teal\">Afl\u0103 mai multe                                                    <i class=\"ti ti-arrow-right\"><\/i>\r\n                                                <\/a>\r\n                                                                                    <\/div>\r\n                                    <\/div>\r\n\r\n                                                                            <img decoding=\"async\" src=\"https:\/\/themes.hibotheme.com\/norflo\/wp-content\/uploads\/2024\/03\/services-shape-2.png\" class=\"services-shape d-none d-xl-block\" alt=\"Images\">\r\n                                                                    <\/div>\r\n                            <\/div>\r\n                                                    <div class=\"col-lg-4 col-sm-6\">\r\n                                <div class=\"position-relative z-1 shape-wrap\">\r\n                                    <div class=\"services-single-item-three hover-style1\">\r\n                                        <div class=\"hover-style2\">\r\n                                            \r\n                                                                                        \r\n                                                <i class=\"ri-terminal-fill icon\"><\/i>\r\n                                            \r\n                                                                                        <h3>\r\n                                                <a href=\"https:\/\/banat.network\/?service=constructii-edilitare-pentru-comunicatii\">Construc\u021bii edilitare pentru comunica\u021bii<\/a>\r\n                                            <\/h3>\r\n                                            <p class=\"text-silver\">Execut\u0103m lucr\u0103ri civile pentru infrastructura de comunica\u021bii: canaliza\u021bii, trasee subterane, camere de tragere, montaj echipamente \u0219i avizare complet\u0103. Solu\u021bii la cheie pentru proiecte reziden\u021biale sau industriale.<\/p>\r\n                                                                                            <a href=\"https:\/\/banat.network\/?service=constructii-edilitare-pentru-comunicatii\" class=\"read-more style-two text-grey-teal\">Afl\u0103 mai multe                                                    <i class=\"ti ti-arrow-right\"><\/i>\r\n                                                <\/a>\r\n                                                                                    <\/div>\r\n                                    <\/div>\r\n\r\n                                                                            <img decoding=\"async\" src=\"https:\/\/themes.hibotheme.com\/norflo\/wp-content\/uploads\/2024\/03\/services-shape-2.png\" class=\"services-shape d-none d-xl-block\" alt=\"Images\">\r\n                                                                    <\/div>\r\n                            <\/div>\r\n                                                                \r\n                    <\/div>\r\n                <\/div>\r\n            <\/div>\r\n            <!-- End Services Area -->\r\n        \r\n        \t\t\t\t<\/div>\n\t\t\t\t<\/div>\n\t\t\t\t<\/div>\n\t\t<div class=\"elementor-element elementor-element-ccd8a3a e-con-full e-flex e-con e-parent\" data-id=\"ccd8a3a\" data-element_type=\"container\">\n\t\t\t\t<div class=\"elementor-element elementor-element-edcca69 pt-100 pb-75 elementor-widget elementor-widget-FAQ\" data-id=\"edcca69\" data-element_type=\"widget\" data-widget_type=\"FAQ.default\">\n\t\t\t\t<div class=\"elementor-widget-container\">\n\t\t\t\t\t\r\n                    <!-- Start FAQ Area -->\r\n            <div class=\"faq-area\">\r\n                <div class=\"container mw-1356\">\r\n                    <div class=\"row align-items-center\" data-cues=\"zoomOut\">\r\n                        <div class=\"col-lg-6\">\r\n                            <div class=\"faq-content\">\r\n                                                                    <span class=\"top-title\">\u00centreb\u0103ri \u0219i r\u0103spunsuri<\/span>\r\n                                                                <h2>\r\n                                                                     <\/h2>\r\n                            <\/div>\r\n                            <div class=\"accordion style-two\" id=\"accordionExample2\">\r\n                                                                    <div class=\"accordion-item\">\r\n                                        <h2 class=\"accordion-header\">\r\n                                            <button class=\"accordion-button pt-0 \" type=\"button\" data-bs-toggle=\"collapse\" data-bs-target=\"#collapse1\" aria-expanded=\"true\" aria-controls=\"collapse1\">\r\n                                                Oferi\u021bi \u0219i servicii de proiectare?                                            <\/button>\r\n                                        <\/h2>\r\n                                        <div id=\"collapse1\" class=\"accordion-collapse collapse show\" data-bs-parent=\"#accordionExample2\">\r\n                                            <div class=\"accordion-body\">\r\n                                                <p>Da, realiz\u0103m documenta\u021bie tehnic\u0103 complet\u0103, planuri de re\u021bea \u0219i suport pentru ob\u021binerea avizelor necesare.<\/p>\r\n                                            <\/div>\r\n                                        <\/div>\r\n                                    <\/div>\r\n                                                                    <div class=\"accordion-item\">\r\n                                        <h2 class=\"accordion-header\">\r\n                                            <button class=\"accordion-button pt-0 collapsed\" type=\"button\" data-bs-toggle=\"collapse\" data-bs-target=\"#collapse2\" aria-expanded=\"true\" aria-controls=\"collapse2\">\r\n                                                Ave\u021bi oferte pentru re\u021bele mici sau private (ex: hoteluri, ansambluri)?                                            <\/button>\r\n                                        <\/h2>\r\n                                        <div id=\"collapse2\" class=\"accordion-collapse collapse \" data-bs-parent=\"#accordionExample2\">\r\n                                            <div class=\"accordion-body\">\r\n                                                <p>Da, oferim solu\u021bii IPTV \u0219i sisteme TV adaptate pentru hoteluri, re\u021bele locale, blocuri sau comunit\u0103\u021bi \u00eenchise.<\/p>\r\n                                            <\/div>\r\n                                        <\/div>\r\n                                    <\/div>\r\n                                                                    <div class=\"accordion-item\">\r\n                                        <h2 class=\"accordion-header\">\r\n                                            <button class=\"accordion-button pt-0 collapsed\" type=\"button\" data-bs-toggle=\"collapse\" data-bs-target=\"#collapse3\" aria-expanded=\"true\" aria-controls=\"collapse3\">\r\n                                                Ce avantaje ofer\u0103 serviciile VoIP?                                            <\/button>\r\n                                        <\/h2>\r\n                                        <div id=\"collapse3\" class=\"accordion-collapse collapse \" data-bs-parent=\"#accordionExample2\">\r\n                                            <div class=\"accordion-body\">\r\n                                                <p>Telefonia VoIP permite apeluri de calitate, func\u021bii avansate (IVR, redirectare, conferin\u021be), costuri reduse \u0219i integrare cu re\u021belele de date.<\/p>\r\n                                            <\/div>\r\n                                        <\/div>\r\n                                    <\/div>\r\n                                                                    <div class=\"accordion-item\">\r\n                                        <h2 class=\"accordion-header\">\r\n                                            <button class=\"accordion-button pt-0 collapsed\" type=\"button\" data-bs-toggle=\"collapse\" data-bs-target=\"#collapse4\" aria-expanded=\"true\" aria-controls=\"collapse4\">\r\n                                                Ce lucr\u0103ri edilitare realiza\u021bi?                                            <\/button>\r\n                                        <\/h2>\r\n                                        <div id=\"collapse4\" class=\"accordion-collapse collapse \" data-bs-parent=\"#accordionExample2\">\r\n                                            <div class=\"accordion-body\">\r\n                                                <p>Execut\u0103m canaliza\u021bii subterane, camere de tragere, montaj tubulatur\u0103 \u0219i echipamente pentru re\u021bele de comunica\u021bii.<\/p>\r\n                                            <\/div>\r\n                                        <\/div>\r\n                                    <\/div>\r\n                                                                    <div class=\"accordion-item\">\r\n                                        <h2 class=\"accordion-header\">\r\n                                            <button class=\"accordion-button pt-0 collapsed\" type=\"button\" data-bs-toggle=\"collapse\" data-bs-target=\"#collapse5\" aria-expanded=\"true\" aria-controls=\"collapse5\">\r\n                                                Lucra\u021bi \u0219i cu autorit\u0103\u021bi locale sau dezvoltatori imobiliari?                                            <\/button>\r\n                                        <\/h2>\r\n                                        <div id=\"collapse5\" class=\"accordion-collapse collapse \" data-bs-parent=\"#accordionExample2\">\r\n                                            <div class=\"accordion-body\">\r\n                                                <p>Da, avem experien\u021b\u0103 \u00een colaborarea cu administra\u021bii publice, dezvoltatori de cartiere \u0219i zone industriale.<\/p>\r\n                                            <\/div>\r\n                                        <\/div>\r\n                                    <\/div>\r\n                                                            <\/div>\r\n                        <\/div>\r\n                                                    <div class=\"col-lg-6\">\r\n                                <div class=\"faq-img\">\r\n                                    <img decoding=\"async\" src=\"https:\/\/themes.hibotheme.com\/norflo\/wp-content\/uploads\/2024\/03\/faq-2.webp\" alt=\"images\">\r\n                                <\/div>\r\n                            <\/div>\r\n                                            <\/div>\r\n                <\/div>\r\n            <\/div>\r\n            <!-- End FAQ Area -->\r\n\r\n        \r\n        \t\t\t\t<\/div>\n\t\t\t\t<\/div>\n\t\t\t\t<\/div>\n\t\t\t\t<\/div>\n\t\t","protected":false},"excerpt":{"rendered":"<p>Serviciile noastre Tot ce ai nevoie pentru o infrastructur\u0103 modern\u0103 de comunica\u021bii Construc\u021bii re\u021bele telecomunica\u021bii Realiz\u0103m proiectarea, instalarea \u0219i \u00eentre\u021binerea re\u021belelor de fibr\u0103 optic\u0103, coaxial \u0219i wireless, pentru operatori telecom \u0219i dezvoltatori. Oferim solu\u021bii FTTH, infrastructur\u0103 P2P\/P2MP \u0219i servicii complete de mentenan\u021b\u0103. Afl\u0103 mai multe Furnizare servicii audiovizuale Livr\u0103m servicii de televiziune prin cablu digital, <\/p>\n","protected":false},"author":1,"featured_media":0,"parent":0,"menu_order":0,"comment_status":"closed","ping_status":"closed","template":"","meta":{"_acf_changed":false,"footnotes":""},"class_list":["post-137","page","type-page","status-publish","hentry"],"acf":[],"_links":{"self":[{"href":"https:\/\/banat.network\/index.php?rest_route=\/wp\/v2\/pages\/137","targetHints":{"allow":["GET"]}}],"collection":[{"href":"https:\/\/banat.network\/index.php?rest_route=\/wp\/v2\/pages"}],"about":[{"href":"https:\/\/banat.network\/index.php?rest_route=\/wp\/v2\/types\/page"}],"author":[{"embeddable":true,"href":"https:\/\/banat.network\/index.php?rest_route=\/wp\/v2\/users\/1"}],"replies":[{"embeddable":true,"href":"https:\/\/banat.network\/index.php?rest_route=%2Fwp%2Fv2%2Fcomments&post=137"}],"version-history":[{"count":40,"href":"https:\/\/banat.network\/index.php?rest_route=\/wp\/v2\/pages\/137\/revisions"}],"predecessor-version":[{"id":1618,"href":"https:\/\/banat.network\/index.php?rest_route=\/wp\/v2\/pages\/137\/revisions\/1618"}],"wp:attachment":[{"href":"https:\/\/banat.network\/index.php?rest_route=%2Fwp%2Fv2%2Fmedia&parent=137"}],"curies":[{"name":"wp","href":"https:\/\/api.w.org\/{rel}","templated":true}]}}